{"id":26,"date":"2025-05-30T09:16:07","date_gmt":"2025-05-30T09:16:07","guid":{"rendered":"http:\/\/localhost\/Demoset\/?page_id=26"},"modified":"2025-07-10T15:05:15","modified_gmt":"2025-07-10T15:05:15","slug":"servicos","status":"publish","type":"page","link":"https:\/\/demoset.pt\/?page_id=26","title":{"rendered":"Servi\u00e7os"},"content":{"rendered":"\n<div class=\"wp-block-columns is-layout-flex wp-container-core-columns-is-layout-28f84493 wp-block-columns-is-layout-flex\">\n<div class=\"wp-block-column is-layout-flow wp-block-column-is-layout-flow\">\n<figure class=\"wp-block-image size-full\"><img loading=\"lazy\" decoding=\"async\" width=\"1564\" height=\"683\" src=\"https:\/\/demoset.pt\/wp-content\/uploads\/2025\/07\/solga-corte-humido-mesa-h2.jpg\" alt=\"\" class=\"wp-image-211\" srcset=\"https:\/\/demoset.pt\/wp-content\/uploads\/2025\/07\/solga-corte-humido-mesa-h2.jpg 1564w, https:\/\/demoset.pt\/wp-content\/uploads\/2025\/07\/solga-corte-humido-mesa-h2-300x131.jpg 300w, https:\/\/demoset.pt\/wp-content\/uploads\/2025\/07\/solga-corte-humido-mesa-h2-1024x447.jpg 1024w, https:\/\/demoset.pt\/wp-content\/uploads\/2025\/07\/solga-corte-humido-mesa-h2-768x335.jpg 768w, https:\/\/demoset.pt\/wp-content\/uploads\/2025\/07\/solga-corte-humido-mesa-h2-1536x671.jpg 1536w\" sizes=\"auto, (max-width: 1564px) 100vw, 1564px\" \/><\/figure>\n\n\n\n<h3 class=\"wp-block-heading has-text-align-center\">Corte hidrodiamantado<\/h3>\n\n\n\n<p class=\"has-text-align-center\">O&nbsp;<strong>corte hidrodiamantado<\/strong>&nbsp;usa jato de \u00e1gua com p\u00f3 de diamante para cortar materiais duros com precis\u00e3o, sem poeira, calor ou vibra\u00e7\u00e3o. \u00c9 eficiente, limpo e seguro, ideal para constru\u00e7\u00e3o e ind\u00fastria.<\/p>\n<\/div>\n\n\n\n<div class=\"wp-block-column is-layout-flow wp-block-column-is-layout-flow\">\n<figure class=\"wp-block-image aligncenter size-full\"><img loading=\"lazy\" decoding=\"async\" width=\"800\" height=\"360\" src=\"https:\/\/demoset.pt\/wp-content\/uploads\/2025\/07\/9479736426526-1.avif\" alt=\"\" class=\"wp-image-206\" srcset=\"https:\/\/demoset.pt\/wp-content\/uploads\/2025\/07\/9479736426526-1.avif 800w, https:\/\/demoset.pt\/wp-content\/uploads\/2025\/07\/9479736426526-1-300x135.avif 300w, https:\/\/demoset.pt\/wp-content\/uploads\/2025\/07\/9479736426526-1-768x346.avif 768w\" sizes=\"auto, (max-width: 800px) 100vw, 800px\" \/><\/figure>\n\n\n\n<h3 class=\"wp-block-heading has-text-align-center\">Fura\u00e7\u00e3o por carotagem<\/h3>\n\n\n\n<p class=\"has-text-align-center\">A&nbsp;<strong>fura\u00e7\u00e3o por carotagem<\/strong>&nbsp;\u00e9 um m\u00e9todo que usa uma broca cil\u00edndrica com coroa diamantada para perfurar concreto e outros materiais duros. Gera furos precisos, com pouco ru\u00eddo, sem vibra\u00e7\u00e3o e sem danificar a estrutura. \u00c9 muito usada na constru\u00e7\u00e3o civil.<\/p>\n<\/div>\n\n\n\n<div class=\"wp-block-column is-layout-flow wp-block-column-is-layout-flow\">\n<figure class=\"wp-block-image aligncenter size-full\"><img loading=\"lazy\" decoding=\"async\" width=\"1200\" height=\"634\" src=\"https:\/\/demoset.pt\/wp-content\/uploads\/2025\/07\/hidrodemolicion-1.png\" alt=\"\" class=\"wp-image-213\" srcset=\"https:\/\/demoset.pt\/wp-content\/uploads\/2025\/07\/hidrodemolicion-1.png 1200w, https:\/\/demoset.pt\/wp-content\/uploads\/2025\/07\/hidrodemolicion-1-300x159.png 300w, https:\/\/demoset.pt\/wp-content\/uploads\/2025\/07\/hidrodemolicion-1-1024x541.png 1024w, https:\/\/demoset.pt\/wp-content\/uploads\/2025\/07\/hidrodemolicion-1-768x406.png 768w\" sizes=\"auto, (max-width: 1200px) 100vw, 1200px\" \/><\/figure>\n\n\n\n<h3 class=\"wp-block-heading has-text-align-center\">Hidrodemoli\u00e7\u00e3o<\/h3>\n\n\n\n<p>A&nbsp;<strong>hidrodemoli\u00e7\u00e3o<\/strong>&nbsp;\u00e9 uma t\u00e9cnica que utiliza jatos de \u00e1gua em alta press\u00e3o para remover concreto deteriorado sem danificar a estrutura. \u00c9 precisa, sem vibra\u00e7\u00e3o, reduz poeira e \u00e9 ideal para reparos em pontes, t\u00faneis e estruturas de concreto.<\/p>\n<\/div>\n<\/div>\n\n\n\n<p class=\"has-text-align-center\"><\/p>\n","protected":false},"excerpt":{"rendered":"<p>Corte hidrodiamantado O&nbsp;corte hidrodiamantado&nbsp;usa jato de \u00e1gua com p\u00f3 de diamante para cortar materiais duros com precis\u00e3o, sem poeira, calor [&hellip;]<\/p>\n","protected":false},"author":1,"featured_media":0,"parent":0,"menu_order":0,"comment_status":"closed","ping_status":"closed","template":"","meta":{"site-sidebar-layout":"default","site-content-layout":"","ast-site-content-layout":"default","site-content-style":"default","site-sidebar-style":"default","ast-global-header-display":"","ast-banner-title-visibility":"","ast-main-header-display":"","ast-hfb-above-header-display":"","ast-hfb-below-header-display":"","ast-hfb-mobile-header-display":"","site-post-title":"","ast-breadcrumbs-content":"","ast-featured-img":"","footer-sml-layout":"","theme-transparent-header-meta":"","adv-header-id-meta":"","stick-header-meta":"","header-above-stick-meta":"","header-main-stick-meta":"","header-below-stick-meta":"","astra-migrate-meta-layouts":"default","ast-page-background-enabled":"default","ast-page-background-meta":{"desktop":{"background-color":"var(--ast-global-color-5)","background-image":"","background-repeat":"repeat","background-position":"center center","background-size":"auto","background-attachment":"scroll","background-type":"","background-media":"","overlay-type":"","overlay-color":"","overlay-opacity":"","overlay-gradient":""},"tablet":{"background-color":"","background-image":"","background-repeat":"repeat","background-position":"center center","background-size":"auto","background-attachment":"scroll","background-type":"","background-media":"","overlay-type":"","overlay-color":"","overlay-opacity":"","overlay-gradient":""},"mobile":{"background-color":"","background-image":"","background-repeat":"repeat","background-position":"center center","background-size":"auto","background-attachment":"scroll","background-type":"","background-media":"","overlay-type":"","overlay-color":"","overlay-opacity":"","overlay-gradient":""}},"ast-content-background-meta":{"desktop":{"background-color":"var(--ast-global-color-4)","background-image":"","background-repeat":"repeat","background-position":"center center","background-size":"auto","background-attachment":"scroll","background-type":"","background-media":"","overlay-type":"","overlay-color":"","overlay-opacity":"","overlay-gradient":""},"tablet":{"background-color":"var(--ast-global-color-4)","background-image":"","background-repeat":"repeat","background-position":"center center","background-size":"auto","background-attachment":"scroll","background-type":"","background-media":"","overlay-type":"","overlay-color":"","overlay-opacity":"","overlay-gradient":""},"mobile":{"background-color":"var(--ast-global-color-4)","background-image":"","background-repeat":"repeat","background-position":"center center","background-size":"auto","background-attachment":"scroll","background-type":"","background-media":"","overlay-type":"","overlay-color":"","overlay-opacity":"","overlay-gradient":""}},"footnotes":""},"class_list":["post-26","page","type-page","status-publish","hentry"],"yoast_head":"<!-- This site is optimized with the Yoast SEO plugin v25.4 - https:\/\/yoast.com\/wordpress\/plugins\/seo\/ -->\n<title>Servi\u00e7os - DEMOset<\/title>\n<meta name=\"robots\" content=\"index, follow, max-snippet:-1, max-image-preview:large, max-video-preview:-1\" \/>\n<link rel=\"canonical\" href=\"https:\/\/demoset.pt\/?page_id=26\" \/>\n<meta property=\"og:locale\" content=\"pt_PT\" \/>\n<meta property=\"og:type\" content=\"article\" \/>\n<meta property=\"og:title\" content=\"Servi\u00e7os - DEMOset\" \/>\n<meta property=\"og:description\" content=\"Corte hidrodiamantado O&nbsp;corte hidrodiamantado&nbsp;usa jato de \u00e1gua com p\u00f3 de diamante para cortar materiais duros com precis\u00e3o, sem poeira, calor [&hellip;]\" \/>\n<meta property=\"og:url\" content=\"https:\/\/demoset.pt\/?page_id=26\" \/>\n<meta property=\"og:site_name\" content=\"DEMOset\" \/>\n<meta property=\"article:modified_time\" content=\"2025-07-10T15:05:15+00:00\" \/>\n<meta property=\"og:image\" content=\"https:\/\/demoset.pt\/wp-content\/uploads\/2025\/07\/solga-corte-humido-mesa-h2.jpg\" \/>\n\t<meta property=\"og:image:width\" content=\"1564\" \/>\n\t<meta property=\"og:image:height\" content=\"683\" \/>\n\t<meta property=\"og:image:type\" content=\"image\/jpeg\" \/>\n<meta name=\"twitter:card\" content=\"summary_large_image\" \/>\n<meta name=\"twitter:label1\" content=\"Tempo estimado de leitura\" \/>\n\t<meta name=\"twitter:data1\" content=\"2 minutos\" \/>\n<script type=\"application\/ld+json\" class=\"yoast-schema-graph\">{\"@context\":\"https:\/\/schema.org\",\"@graph\":[{\"@type\":\"WebPage\",\"@id\":\"https:\/\/demoset.pt\/?page_id=26\",\"url\":\"https:\/\/demoset.pt\/?page_id=26\",\"name\":\"Servi\u00e7os - DEMOset\",\"isPartOf\":{\"@id\":\"https:\/\/demoset.pt\/#website\"},\"primaryImageOfPage\":{\"@id\":\"https:\/\/demoset.pt\/?page_id=26#primaryimage\"},\"image\":{\"@id\":\"https:\/\/demoset.pt\/?page_id=26#primaryimage\"},\"thumbnailUrl\":\"https:\/\/demoset.pt\/wp-content\/uploads\/2025\/07\/solga-corte-humido-mesa-h2.jpg\",\"datePublished\":\"2025-05-30T09:16:07+00:00\",\"dateModified\":\"2025-07-10T15:05:15+00:00\",\"breadcrumb\":{\"@id\":\"https:\/\/demoset.pt\/?page_id=26#breadcrumb\"},\"inLanguage\":\"pt-PT\",\"potentialAction\":[{\"@type\":\"ReadAction\",\"target\":[\"https:\/\/demoset.pt\/?page_id=26\"]}]},{\"@type\":\"ImageObject\",\"inLanguage\":\"pt-PT\",\"@id\":\"https:\/\/demoset.pt\/?page_id=26#primaryimage\",\"url\":\"https:\/\/demoset.pt\/wp-content\/uploads\/2025\/07\/solga-corte-humido-mesa-h2.jpg\",\"contentUrl\":\"https:\/\/demoset.pt\/wp-content\/uploads\/2025\/07\/solga-corte-humido-mesa-h2.jpg\",\"width\":1564,\"height\":683},{\"@type\":\"BreadcrumbList\",\"@id\":\"https:\/\/demoset.pt\/?page_id=26#breadcrumb\",\"itemListElement\":[{\"@type\":\"ListItem\",\"position\":1,\"name\":\"In\u00edcio\",\"item\":\"https:\/\/demoset.pt\/\"},{\"@type\":\"ListItem\",\"position\":2,\"name\":\"Servi\u00e7os\"}]},{\"@type\":\"WebSite\",\"@id\":\"https:\/\/demoset.pt\/#website\",\"url\":\"https:\/\/demoset.pt\/\",\"name\":\"DEMOset\",\"description\":\"\",\"potentialAction\":[{\"@type\":\"SearchAction\",\"target\":{\"@type\":\"EntryPoint\",\"urlTemplate\":\"https:\/\/demoset.pt\/?s={search_term_string}\"},\"query-input\":{\"@type\":\"PropertyValueSpecification\",\"valueRequired\":true,\"valueName\":\"search_term_string\"}}],\"inLanguage\":\"pt-PT\"}]}<\/script>\n<!-- \/ Yoast SEO plugin. -->","yoast_head_json":{"title":"Servi\u00e7os - DEMOset","robots":{"index":"index","follow":"follow","max-snippet":"max-snippet:-1","max-image-preview":"max-image-preview:large","max-video-preview":"max-video-preview:-1"},"canonical":"https:\/\/demoset.pt\/?page_id=26","og_locale":"pt_PT","og_type":"article","og_title":"Servi\u00e7os - DEMOset","og_description":"Corte hidrodiamantado O&nbsp;corte hidrodiamantado&nbsp;usa jato de \u00e1gua com p\u00f3 de diamante para cortar materiais duros com precis\u00e3o, sem poeira, calor [&hellip;]","og_url":"https:\/\/demoset.pt\/?page_id=26","og_site_name":"DEMOset","article_modified_time":"2025-07-10T15:05:15+00:00","og_image":[{"width":1564,"height":683,"url":"https:\/\/demoset.pt\/wp-content\/uploads\/2025\/07\/solga-corte-humido-mesa-h2.jpg","type":"image\/jpeg"}],"twitter_card":"summary_large_image","twitter_misc":{"Tempo estimado de leitura":"2 minutos"},"schema":{"@context":"https:\/\/schema.org","@graph":[{"@type":"WebPage","@id":"https:\/\/demoset.pt\/?page_id=26","url":"https:\/\/demoset.pt\/?page_id=26","name":"Servi\u00e7os - DEMOset","isPartOf":{"@id":"https:\/\/demoset.pt\/#website"},"primaryImageOfPage":{"@id":"https:\/\/demoset.pt\/?page_id=26#primaryimage"},"image":{"@id":"https:\/\/demoset.pt\/?page_id=26#primaryimage"},"thumbnailUrl":"https:\/\/demoset.pt\/wp-content\/uploads\/2025\/07\/solga-corte-humido-mesa-h2.jpg","datePublished":"2025-05-30T09:16:07+00:00","dateModified":"2025-07-10T15:05:15+00:00","breadcrumb":{"@id":"https:\/\/demoset.pt\/?page_id=26#breadcrumb"},"inLanguage":"pt-PT","potentialAction":[{"@type":"ReadAction","target":["https:\/\/demoset.pt\/?page_id=26"]}]},{"@type":"ImageObject","inLanguage":"pt-PT","@id":"https:\/\/demoset.pt\/?page_id=26#primaryimage","url":"https:\/\/demoset.pt\/wp-content\/uploads\/2025\/07\/solga-corte-humido-mesa-h2.jpg","contentUrl":"https:\/\/demoset.pt\/wp-content\/uploads\/2025\/07\/solga-corte-humido-mesa-h2.jpg","width":1564,"height":683},{"@type":"BreadcrumbList","@id":"https:\/\/demoset.pt\/?page_id=26#breadcrumb","itemListElement":[{"@type":"ListItem","position":1,"name":"In\u00edcio","item":"https:\/\/demoset.pt\/"},{"@type":"ListItem","position":2,"name":"Servi\u00e7os"}]},{"@type":"WebSite","@id":"https:\/\/demoset.pt\/#website","url":"https:\/\/demoset.pt\/","name":"DEMOset","description":"","potentialAction":[{"@type":"SearchAction","target":{"@type":"EntryPoint","urlTemplate":"https:\/\/demoset.pt\/?s={search_term_string}"},"query-input":{"@type":"PropertyValueSpecification","valueRequired":true,"valueName":"search_term_string"}}],"inLanguage":"pt-PT"}]}},"_links":{"self":[{"href":"https:\/\/demoset.pt\/index.php?rest_route=\/wp\/v2\/pages\/26","targetHints":{"allow":["GET"]}}],"collection":[{"href":"https:\/\/demoset.pt\/index.php?rest_route=\/wp\/v2\/pages"}],"about":[{"href":"https:\/\/demoset.pt\/index.php?rest_route=\/wp\/v2\/types\/page"}],"author":[{"embeddable":true,"href":"https:\/\/demoset.pt\/index.php?rest_route=\/wp\/v2\/users\/1"}],"replies":[{"embeddable":true,"href":"https:\/\/demoset.pt\/index.php?rest_route=%2Fwp%2Fv2%2Fcomments&post=26"}],"version-history":[{"count":7,"href":"https:\/\/demoset.pt\/index.php?rest_route=\/wp\/v2\/pages\/26\/revisions"}],"predecessor-version":[{"id":272,"href":"https:\/\/demoset.pt\/index.php?rest_route=\/wp\/v2\/pages\/26\/revisions\/272"}],"wp:attachment":[{"href":"https:\/\/demoset.pt\/index.php?rest_route=%2Fwp%2Fv2%2Fmedia&parent=26"}],"curies":[{"name":"wp","href":"https:\/\/api.w.org\/{rel}","templated":true}]}}