{"id":31,"date":"2025-05-30T09:17:32","date_gmt":"2025-05-30T09:17:32","guid":{"rendered":"http:\/\/localhost\/Demoset\/?page_id=31"},"modified":"2025-07-09T10:59:37","modified_gmt":"2025-07-09T10:59:37","slug":"sobre-nos","status":"publish","type":"page","link":"https:\/\/demoset.pt\/?page_id=31","title":{"rendered":"Sobre n\u00f3s"},"content":{"rendered":"\n<div class=\"wp-block-media-text has-media-on-the-right is-stacked-on-mobile\" style=\"grid-template-columns:auto 47%\"><div class=\"wp-block-media-text__content\">\n<p class=\"has-ast-global-color-2-color has-text-color has-link-color wp-elements-48dea5ef959b3990cd97e109dbd41514\">Somos uma empresa com t\u00e9cnicos e pessoal qualificado na \u00e1rea das demoli\u00e7\u00f5es controladas por corte hidrodiamantado, fura\u00e7\u00e3o por carotagem, fratura hidr\u00e1ulica e hidrodemoli\u00e7\u00e3o, em estruturas de bet\u00e3o simples e armado.<br>Temos t\u00e9cnicos e pessoal qualificado com grande experi\u00eancia em trabalhos na \u00e1rea das Ind\u00fastrias da Celulose, Cimenteira, Siderurgia, Metropolitano, Portos, Edif\u00edcios, T\u00faneis e Pontes.<br>Desenvolvemos a nossa atividade de forma direta e indiretamente para v\u00e1rias empresas, das quais destacamos: The Navigator Company, Grupo DST, Mota Engil S.A., CONDURIL &#8211; ENGENHARIA, S.A., Ramalho Rosa Cobetar, SA, Alves Ribeiro S.A., Eternar &#8211; Engenharia e Constru\u00e7\u00e3o, S.A., Metropolitano de Lisboa, E.P.E., Brisa.<br>A nossa atividade est\u00e1 centrada na satisfa\u00e7\u00e3o dos nossos clientes e na procura das melhores solu\u00e7\u00f5es para as suas necessidades.<\/p>\n<\/div><figure class=\"wp-block-media-text__media\"><img loading=\"lazy\" decoding=\"async\" width=\"600\" height=\"378\" src=\"https:\/\/demoset.pt\/wp-content\/uploads\/2025\/07\/img_equipe.png\" alt=\"\" class=\"wp-image-214 size-full\" srcset=\"https:\/\/demoset.pt\/wp-content\/uploads\/2025\/07\/img_equipe.png 600w, https:\/\/demoset.pt\/wp-content\/uploads\/2025\/07\/img_equipe-300x189.png 300w\" sizes=\"auto, (max-width: 600px) 100vw, 600px\" \/><\/figure><\/div>\n\n\n\n<p><\/p>\n","protected":false},"excerpt":{"rendered":"<p>Somos uma empresa com t\u00e9cnicos e pessoal qualificado na \u00e1rea das demoli\u00e7\u00f5es controladas por corte hidrodiamantado, fura\u00e7\u00e3o por carotagem, fratura [&hellip;]<\/p>\n","protected":false},"author":1,"featured_media":0,"parent":0,"menu_order":0,"comment_status":"closed","ping_status":"closed","template":"","meta":{"site-sidebar-layout":"default","site-content-layout":"","ast-site-content-layout":"","site-content-style":"default","site-sidebar-style":"default","ast-global-header-display":"","ast-banner-title-visibility":"","ast-main-header-display":"","ast-hfb-above-header-display":"","ast-hfb-below-header-display":"","ast-hfb-mobile-header-display":"","site-post-title":"","ast-breadcrumbs-content":"","ast-featured-img":"","footer-sml-layout":"","theme-transparent-header-meta":"","adv-header-id-meta":"","stick-header-meta":"","header-above-stick-meta":"","header-main-stick-meta":"","header-below-stick-meta":"","astra-migrate-meta-layouts":"default","ast-page-background-enabled":"default","ast-page-background-meta":{"desktop":{"background-color":"var(--ast-global-color-5)","background-image":"","background-repeat":"repeat","background-position":"center center","background-size":"auto","background-attachment":"scroll","background-type":"","background-media":"","overlay-type":"","overlay-color":"","overlay-opacity":"","overlay-gradient":""},"tablet":{"background-color":"","background-image":"","background-repeat":"repeat","background-position":"center center","background-size":"auto","background-attachment":"scroll","background-type":"","background-media":"","overlay-type":"","overlay-color":"","overlay-opacity":"","overlay-gradient":""},"mobile":{"background-color":"","background-image":"","background-repeat":"repeat","background-position":"center center","background-size":"auto","background-attachment":"scroll","background-type":"","background-media":"","overlay-type":"","overlay-color":"","overlay-opacity":"","overlay-gradient":""}},"ast-content-background-meta":{"desktop":{"background-color":"var(--ast-global-color-4)","background-image":"","background-repeat":"repeat","background-position":"center center","background-size":"auto","background-attachment":"scroll","background-type":"","background-media":"","overlay-type":"","overlay-color":"","overlay-opacity":"","overlay-gradient":""},"tablet":{"background-color":"var(--ast-global-color-4)","background-image":"","background-repeat":"repeat","background-position":"center center","background-size":"auto","background-attachment":"scroll","background-type":"","background-media":"","overlay-type":"","overlay-color":"","overlay-opacity":"","overlay-gradient":""},"mobile":{"background-color":"var(--ast-global-color-4)","background-image":"","background-repeat":"repeat","background-position":"center center","background-size":"auto","background-attachment":"scroll","background-type":"","background-media":"","overlay-type":"","overlay-color":"","overlay-opacity":"","overlay-gradient":""}},"footnotes":""},"class_list":["post-31","page","type-page","status-publish","hentry"],"yoast_head":"<!-- This site is optimized with the Yoast SEO plugin v25.4 - https:\/\/yoast.com\/wordpress\/plugins\/seo\/ -->\n<title>Sobre n\u00f3s - DEMOset<\/title>\n<meta name=\"robots\" content=\"index, follow, max-snippet:-1, max-image-preview:large, max-video-preview:-1\" \/>\n<link rel=\"canonical\" href=\"https:\/\/demoset.pt\/?page_id=31\" \/>\n<meta property=\"og:locale\" content=\"pt_PT\" \/>\n<meta property=\"og:type\" content=\"article\" \/>\n<meta property=\"og:title\" content=\"Sobre n\u00f3s - DEMOset\" \/>\n<meta property=\"og:description\" content=\"Somos uma empresa com t\u00e9cnicos e pessoal qualificado na \u00e1rea das demoli\u00e7\u00f5es controladas por corte hidrodiamantado, fura\u00e7\u00e3o por carotagem, fratura [&hellip;]\" \/>\n<meta property=\"og:url\" content=\"https:\/\/demoset.pt\/?page_id=31\" \/>\n<meta property=\"og:site_name\" content=\"DEMOset\" \/>\n<meta property=\"article:modified_time\" content=\"2025-07-09T10:59:37+00:00\" \/>\n<meta property=\"og:image\" content=\"https:\/\/demoset.pt\/wp-content\/uploads\/2025\/07\/img_equipe.png\" \/>\n\t<meta property=\"og:image:width\" content=\"600\" \/>\n\t<meta property=\"og:image:height\" content=\"378\" \/>\n\t<meta property=\"og:image:type\" content=\"image\/png\" \/>\n<meta name=\"twitter:card\" content=\"summary_large_image\" \/>\n<meta name=\"twitter:label1\" content=\"Tempo estimado de leitura\" \/>\n\t<meta name=\"twitter:data1\" content=\"1 minuto\" \/>\n<script type=\"application\/ld+json\" class=\"yoast-schema-graph\">{\"@context\":\"https:\/\/schema.org\",\"@graph\":[{\"@type\":\"WebPage\",\"@id\":\"https:\/\/demoset.pt\/?page_id=31\",\"url\":\"https:\/\/demoset.pt\/?page_id=31\",\"name\":\"Sobre n\u00f3s - DEMOset\",\"isPartOf\":{\"@id\":\"https:\/\/demoset.pt\/#website\"},\"primaryImageOfPage\":{\"@id\":\"https:\/\/demoset.pt\/?page_id=31#primaryimage\"},\"image\":{\"@id\":\"https:\/\/demoset.pt\/?page_id=31#primaryimage\"},\"thumbnailUrl\":\"https:\/\/demoset.pt\/wp-content\/uploads\/2025\/07\/img_equipe.png\",\"datePublished\":\"2025-05-30T09:17:32+00:00\",\"dateModified\":\"2025-07-09T10:59:37+00:00\",\"breadcrumb\":{\"@id\":\"https:\/\/demoset.pt\/?page_id=31#breadcrumb\"},\"inLanguage\":\"pt-PT\",\"potentialAction\":[{\"@type\":\"ReadAction\",\"target\":[\"https:\/\/demoset.pt\/?page_id=31\"]}]},{\"@type\":\"ImageObject\",\"inLanguage\":\"pt-PT\",\"@id\":\"https:\/\/demoset.pt\/?page_id=31#primaryimage\",\"url\":\"https:\/\/demoset.pt\/wp-content\/uploads\/2025\/07\/img_equipe.png\",\"contentUrl\":\"https:\/\/demoset.pt\/wp-content\/uploads\/2025\/07\/img_equipe.png\"},{\"@type\":\"BreadcrumbList\",\"@id\":\"https:\/\/demoset.pt\/?page_id=31#breadcrumb\",\"itemListElement\":[{\"@type\":\"ListItem\",\"position\":1,\"name\":\"In\u00edcio\",\"item\":\"https:\/\/demoset.pt\/\"},{\"@type\":\"ListItem\",\"position\":2,\"name\":\"Sobre n\u00f3s\"}]},{\"@type\":\"WebSite\",\"@id\":\"https:\/\/demoset.pt\/#website\",\"url\":\"https:\/\/demoset.pt\/\",\"name\":\"DEMOset\",\"description\":\"\",\"potentialAction\":[{\"@type\":\"SearchAction\",\"target\":{\"@type\":\"EntryPoint\",\"urlTemplate\":\"https:\/\/demoset.pt\/?s={search_term_string}\"},\"query-input\":{\"@type\":\"PropertyValueSpecification\",\"valueRequired\":true,\"valueName\":\"search_term_string\"}}],\"inLanguage\":\"pt-PT\"}]}<\/script>\n<!-- \/ Yoast SEO plugin. -->","yoast_head_json":{"title":"Sobre n\u00f3s - DEMOset","robots":{"index":"index","follow":"follow","max-snippet":"max-snippet:-1","max-image-preview":"max-image-preview:large","max-video-preview":"max-video-preview:-1"},"canonical":"https:\/\/demoset.pt\/?page_id=31","og_locale":"pt_PT","og_type":"article","og_title":"Sobre n\u00f3s - DEMOset","og_description":"Somos uma empresa com t\u00e9cnicos e pessoal qualificado na \u00e1rea das demoli\u00e7\u00f5es controladas por corte hidrodiamantado, fura\u00e7\u00e3o por carotagem, fratura [&hellip;]","og_url":"https:\/\/demoset.pt\/?page_id=31","og_site_name":"DEMOset","article_modified_time":"2025-07-09T10:59:37+00:00","og_image":[{"width":600,"height":378,"url":"https:\/\/demoset.pt\/wp-content\/uploads\/2025\/07\/img_equipe.png","type":"image\/png"}],"twitter_card":"summary_large_image","twitter_misc":{"Tempo estimado de leitura":"1 minuto"},"schema":{"@context":"https:\/\/schema.org","@graph":[{"@type":"WebPage","@id":"https:\/\/demoset.pt\/?page_id=31","url":"https:\/\/demoset.pt\/?page_id=31","name":"Sobre n\u00f3s - DEMOset","isPartOf":{"@id":"https:\/\/demoset.pt\/#website"},"primaryImageOfPage":{"@id":"https:\/\/demoset.pt\/?page_id=31#primaryimage"},"image":{"@id":"https:\/\/demoset.pt\/?page_id=31#primaryimage"},"thumbnailUrl":"https:\/\/demoset.pt\/wp-content\/uploads\/2025\/07\/img_equipe.png","datePublished":"2025-05-30T09:17:32+00:00","dateModified":"2025-07-09T10:59:37+00:00","breadcrumb":{"@id":"https:\/\/demoset.pt\/?page_id=31#breadcrumb"},"inLanguage":"pt-PT","potentialAction":[{"@type":"ReadAction","target":["https:\/\/demoset.pt\/?page_id=31"]}]},{"@type":"ImageObject","inLanguage":"pt-PT","@id":"https:\/\/demoset.pt\/?page_id=31#primaryimage","url":"https:\/\/demoset.pt\/wp-content\/uploads\/2025\/07\/img_equipe.png","contentUrl":"https:\/\/demoset.pt\/wp-content\/uploads\/2025\/07\/img_equipe.png"},{"@type":"BreadcrumbList","@id":"https:\/\/demoset.pt\/?page_id=31#breadcrumb","itemListElement":[{"@type":"ListItem","position":1,"name":"In\u00edcio","item":"https:\/\/demoset.pt\/"},{"@type":"ListItem","position":2,"name":"Sobre n\u00f3s"}]},{"@type":"WebSite","@id":"https:\/\/demoset.pt\/#website","url":"https:\/\/demoset.pt\/","name":"DEMOset","description":"","potentialAction":[{"@type":"SearchAction","target":{"@type":"EntryPoint","urlTemplate":"https:\/\/demoset.pt\/?s={search_term_string}"},"query-input":{"@type":"PropertyValueSpecification","valueRequired":true,"valueName":"search_term_string"}}],"inLanguage":"pt-PT"}]}},"_links":{"self":[{"href":"https:\/\/demoset.pt\/index.php?rest_route=\/wp\/v2\/pages\/31","targetHints":{"allow":["GET"]}}],"collection":[{"href":"https:\/\/demoset.pt\/index.php?rest_route=\/wp\/v2\/pages"}],"about":[{"href":"https:\/\/demoset.pt\/index.php?rest_route=\/wp\/v2\/types\/page"}],"author":[{"embeddable":true,"href":"https:\/\/demoset.pt\/index.php?rest_route=\/wp\/v2\/users\/1"}],"replies":[{"embeddable":true,"href":"https:\/\/demoset.pt\/index.php?rest_route=%2Fwp%2Fv2%2Fcomments&post=31"}],"version-history":[{"count":1,"href":"https:\/\/demoset.pt\/index.php?rest_route=\/wp\/v2\/pages\/31\/revisions"}],"predecessor-version":[{"id":224,"href":"https:\/\/demoset.pt\/index.php?rest_route=\/wp\/v2\/pages\/31\/revisions\/224"}],"wp:attachment":[{"href":"https:\/\/demoset.pt\/index.php?rest_route=%2Fwp%2Fv2%2Fmedia&parent=31"}],"curies":[{"name":"wp","href":"https:\/\/api.w.org\/{rel}","templated":true}]}}